{"id":524,"date":"2018-09-19T14:21:27","date_gmt":"2018-09-19T12:21:27","guid":{"rendered":"https:\/\/www.friedrich.it\/?page_id=524"},"modified":"2018-11-10T18:44:27","modified_gmt":"2018-11-10T17:44:27","slug":"privacy","status":"publish","type":"page","link":"https:\/\/www.friedrich.it\/it\/privacy\/","title":{"rendered":"Privacy"},"content":{"rendered":"<h1>Privacy<\/h1>\n<p>La presente informativa sulla privacy \u00e8 rivolta, ai sensi del Regolamento (UE) 2016\/679 del Parlamento Europeo e del Consiglio del 27.04.2016 (Regolamento generale sulla protezione dei dati &#8211; GDPR), a tutte le persone che utilizzano questa pagina web.<br \/>\nLa presente informativa \u00e8 valida solo in relazione alla presente pagina web e non ad eventuali altre pagine a cui l&#8217;utente pu\u00f2 accedere tramite un collegamento ipertestuale.<br \/>\nIl gestore di questa pagina web garantisce, nei termini di legge, che il trattamento dei dati personali si svolge nel rispetto dei diritti, delle libert\u00e0 fondamentali e della dignit\u00e0 dell&#8217;interessato, con particolare riferimento alla riservatezza, all&#8217;identit\u00e0 personale e alla tutela dei dati personali.<\/p>\n<p><strong>1. NOME E CONTATTI DEL RESPONSABILE<\/strong><br \/>\nResponsabile dell&#8217;elaborazione dei dati \u00e8 l&#8217;impresa:<\/p>\n<p><strong>HOTEL FRIEDRICH<\/strong><br \/>\nChristof F\u00e4ckl<br \/>\nVia Pretzenberg 16<br \/>\nI- 39056 Nova Levante (BZ)<br \/>\nTel.: +39\/0471\/61 31 04<br \/>\nFax: +39\/0471\/61 42 49<br \/>\nE-Mail: <a href=\"mailto:info@friedrich.it\">info@friedrich.it<\/a><br \/>\n<strong>Responsabile della protezione dei dati:<\/strong><br \/>\nChristof F\u00e4ckl<\/p>\n<p><strong>2. DATI PERSONALI E CATEGORIE PARTICOLARI DI DATI<\/strong><\/p>\n<p>Si considerano Vostri dati personali in particolare- i dati relativi alla Vostra persona (cognome, nome, indirizzo, email, numero di telefono, numero di fax, data di nascita) nonch\u00e9 lingua e targa del veicolo- i dati contenuti nel Vostro passaporto o nella Vostra carta di identit\u00e0- i dati relativi alle modalit\u00e0 di pagamento o correlati con i pagamenti (per es. coordinate bancarie, estremi delle carte di credito)- la data di arrivo e la durata del soggiornoRientrano nelle categorie particolari i dati di natura sanitaria e quelli relativi a particolari esigenze personali.<\/p>\n<p><strong><br \/>\n3. MOTIVI DI ELABORAZIONE DEI DATI PERSONALI E TITOLO GIURIDICO DELLA LORO ELABORAZIONE<\/strong><\/p>\n<p>I dati comunicati verranno elaborati per le seguenti finalit\u00e0:- Adempimento di obblighi di legge- Attuazione di interventi precontrattuali e contrattuali relativi al soggiorno dell&#8217;ospite (prenotazione, soggiorno, partenza ecc.)- Inoltro di comunicazioni e telefonate dirette all&#8217;ospite- Memorizzazione dei dati ai fini di agevolare future prenotazioni e richieste- Invio di informazioni, offerte e novit\u00e0 dell&#8217;impresa e degli altri esercizi partner dello stesso mediante email, posta ed altri mezzi di comunicazione, con riferimento all&#8217;impresa, al territorio, agli eventi locali ecc.Titolo giuridico per l&#8217;elaborazione dei Vostri dati sono:- obblighi giuridici o di legge- adempimento di obblighi e interventi precontrattuali e contrattuali- il Vostro consenso- interessi legittimi: Consegna di email pubblicitarie (newsletter) per il miglioramento del nostro servizio clienti, della nostra vicinanza al cliente.<br \/>\n<strong>4. DESTINATARI DEI DATI PERSONALI<\/strong><\/p>\n<p>In linea di principio, i Vostri dati personali non verranno inoltrati ad altri soggetti. In casi particolari essi potranno tuttavia- venir inoltrati ad altri reparti dell&#8217;impresa, nei limiti del legittimo utilizzo,- venir inoltrati ai seguenti incaricati, come pure a terzi soggetti, ove ci\u00f2 sia necessario per venire incontro alle Vostre richieste o per l&#8217;effettuazione di servizi particolari: veda punto &#8220;terzi soggetti&#8221;.I destinatari di cui sopra si sono impegnati nei nostri confronti al rispetto degli standard vigenti in materia di protezione dei dati.<\/p>\n<p><strong>5. DURATA DELLA CONSERVAZIONE DEI DATI<\/strong><\/p>\n<p>La durata della conservazione dei dati viene stabilita in base agli obblighi di conservazione dei dati e ai doveri previsti dalla legge. Se elaborati in ottemperanza a una disposizione di legge o ad un obbligo contrattuale, i Vostri dati personali verranno conservati per il tempo strettamente necessario all&#8217;elaborazione. Se elaborati in base al Vostro consenso, essi resteranno conservati fino a revoca.<\/p>\n<p><strong><br \/>\n6. DIRITTI DELL&#8217;INTERESSATO<\/strong><\/p>\n<p>Diritto all&#8217;accesso:in base all&#8217;art. 15 del RGPD, Lei ha diritto ad essere informato sui dati personali trattati, sulla loro provenienza, la loro natura, il loro eventuale inoltro e a chi e il loro utilizzo.Diritto alla rettifica e alla cancellazione:in base all&#8217;Art. 16 RGPD, Lei ha in qualsiasi momento il diritto di chiedere la rettifica o l&#8217;integrazione dei Suoi dati personali. Del pari in base all&#8217;Art. 17 RGPD Lei pu\u00f2 chiedere la cancellazione degli stessi. In particolare in presenza di dati pubblicati Le compete anche il &#8220;diritto all&#8217;oblio&#8221;, ossia chiedere che vengano adottate le misure necessarie a cancellare tutti i links, le copie, le repliche o simili.Diritto di opposizione:Lei pu\u00f2 in ogni momento esercitare il diritto di opposizione di cui all&#8217;Art. 21 RGPD e modificare o revocare interamente, con effetto futuro, il consenso impartito.Diritto di limitazione (o di blocco) del trattamento:in base all&#8217;Art. 18 RGPD Lei pu\u00f2 esigere anche la limitazione del trattamento dei Suoi dati personali. I dati rilevati potranno venir elaborati solo previo specifico consenso, ovvero la loro elaborazione andr\u00e0 concretamente limitata.Diritto alla portabilit\u00e0 dei dati:in base all&#8217;Art. 20 RGPD Lei ha il diritto di farsi trasmettere i dati personali da Lei forniti in un formato strutturato, di uso comune e leggibile da dispositivo automatico, come pure di esigere la loro trasmissione ad un altro responsabile.In base all&#8217;Art. 77 RGPD \u00e8 previsto anche un suo Diritto di reclamo presso l&#8217;autorit\u00e0 di controllo.<\/p>\n<p><strong><br \/>\n7. CARATTERISTICHE DEL CONSENSO<\/strong><\/p>\n<p>L&#8217;elaborazione dei Suoi dati si effettuer\u00e0 in base al contratto e alla legge, come previsto dal disposto del Regolamento comunitario 679\/2016 (RGPD).Il consenso all&#8217;elaborazione dei dati rientranti in categorie particolari \u00e8 impartito su base volontaria. In assenza di un consenso, dette elaborazioni non possono venir effettuate con riferimento a futuri ordini.Il consenso all&#8217;elaborazione dei dati per quanto riguarda l&#8217;invio di informazioni, offerte e novit\u00e0 dell&#8217;impresa \u00e8 dato su base volontaria. Ove i dati personali non vengano forniti non verranno trasmesse offerte o altre informazioni.TERZI SOGGETTIGoogle Analytics con IP anonimizzato (Google Inc., Stati Uniti)Google Analytics \u00e8 un servizio di analisi web fornito da Google Inc. (&#8220;Google&#8221;). Google utilizza i Dati Personali raccolti allo scopo di tracciare ed esaminare l&#8217;utilizzo di questo sito, compilare report e condividerli con gli altri servizi sviluppati da Google.Google potrebbe utilizzare i Dati Personali per contestualizzare e personalizzare gli annunci del proprio network pubblicitario.Questa integrazione di Google Analytics rende anonimo il tuo indirizzo IP. L&#8217;anonimizzazione funziona abbreviando entro i confini degli stati membri dell&#8217;Unione Europea o in altri Paesi aderenti all&#8217;accordo sullo Spazio Economico Europeo l&#8217;indirizzo IP degli Utenti. Solo in casi eccezionali, l&#8217;indirizzo IP sar\u00e0 inviato ai server di Google ed abbreviato all&#8217;interno degli Stati Uniti.<br \/>\nDati Personali raccolti: Cookie e Dati di utilizzo.<br \/>\nLuogo del trattamento: Stati Uniti \u2013 <a href=\"https:\/\/tools.google.com\/dlpage\/gaoptout?hl=it\">strumento per la disattivazione dei Google Analytics (opt out)<\/a>. Soggetto aderente al Privacy Shield.<\/p>\n<p>In caso di domande o dubbi sulla protezione dei dati, si prega di contattare il nostro titolare del trattamento\/responsabile della protezione dei dati. <a href=\"mailto:info@friedrich.it\">info@friedrich.it<\/a><br \/>\nUlteriori informazioni:<a href=\"https:\/\/ec.europa.eu\/info\/law\/law-topic\/data-protection\/data-protection-eu_de\"> https:\/\/ec.europa.eu\/info\/law\/law-topic\/data-protection\/data-protection-eu_de<\/a><\/p>\n<p>Autorit\u00e0 competente (Italia): Garante per la Protezione dei Dati Personali, Piazza di Monte Citorio 121, 00186 ROM, Tel.: (+39) 06.696771, Fax: (+39) 06.69677.3785, e-mail: garante@gpdp.it, sito web: <a href=\"http:\/\/www.garanteprivacy.it\/\">http:\/\/www.garanteprivacy.it\/<\/a>.<\/p>\n","protected":false},"excerpt":{"rendered":"Privacy La presente informativa sulla privacy \u00e8 rivolta, ai sensi del Regolamento (UE) 2016\/679 del Parlamento Europeo e del Consiglio del 27.04.2016 (Regolamento generale sulla protezione dei dati &#8211; GDPR), a tutte le persone che utilizzano questa pagina web. La presente informativa \u00e8 valida solo in relazione alla presente pagina web e non ad eventuali&#8230;","protected":false},"author":1,"featured_media":0,"parent":0,"menu_order":102,"comment_status":"closed","ping_status":"closed","template":"","meta":{"footnotes":""},"class_list":["post-524","page","type-page","status-publish","hentry"],"_links":{"self":[{"href":"https:\/\/www.friedrich.it\/it\/wp-json\/wp\/v2\/pages\/524"}],"collection":[{"href":"https:\/\/www.friedrich.it\/it\/wp-json\/wp\/v2\/pages"}],"about":[{"href":"https:\/\/www.friedrich.it\/it\/wp-json\/wp\/v2\/types\/page"}],"author":[{"embeddable":true,"href":"https:\/\/www.friedrich.it\/it\/wp-json\/wp\/v2\/users\/1"}],"replies":[{"embeddable":true,"href":"https:\/\/www.friedrich.it\/it\/wp-json\/wp\/v2\/comments?post=524"}],"version-history":[{"count":0,"href":"https:\/\/www.friedrich.it\/it\/wp-json\/wp\/v2\/pages\/524\/revisions"}],"wp:attachment":[{"href":"https:\/\/www.friedrich.it\/it\/wp-json\/wp\/v2\/media?parent=524"}],"curies":[{"name":"wp","href":"https:\/\/api.w.org\/{rel}","templated":true}]}}